{"id":46,"date":"2018-11-05T09:33:17","date_gmt":"2018-11-05T09:33:17","guid":{"rendered":"http:\/\/www.tomsoft.hr\/?page_id=46"},"modified":"2018-11-07T10:11:29","modified_gmt":"2018-11-07T10:11:29","slug":"tu-smo-za-vas","status":"publish","type":"page","link":"https:\/\/www.tomsoft.hr\/en\/tu-smo-za-vas\/","title":{"rendered":"Tu smo za vas"},"content":{"rendered":"<p>\u017delite li doznati vi\u0161e o na\u0161oj korisni\u010dkoj podr\u0161ci, svakako provjerite na\u0161u SUPPORT stranicu.<\/p>\n","protected":false},"excerpt":{"rendered":"<p>\u017delite li doznati vi\u0161e o na\u0161oj korisni\u010dkoj podr\u0161ci, svakako provjerite na\u0161u SUPPORT stranicu.<\/p>\n","protected":false},"author":1,"featured_media":0,"parent":0,"menu_order":0,"comment_status":"closed","ping_status":"closed","template":"template-tu-smo-za-vas.php","meta":{"_acf_changed":false,"footnotes":""},"acf":[],"_links":{"self":[{"href":"https:\/\/www.tomsoft.hr\/en\/wp-json\/wp\/v2\/pages\/46"}],"collection":[{"href":"https:\/\/www.tomsoft.hr\/en\/wp-json\/wp\/v2\/pages"}],"about":[{"href":"https:\/\/www.tomsoft.hr\/en\/wp-json\/wp\/v2\/types\/page"}],"author":[{"embeddable":true,"href":"https:\/\/www.tomsoft.hr\/en\/wp-json\/wp\/v2\/users\/1"}],"replies":[{"embeddable":true,"href":"https:\/\/www.tomsoft.hr\/en\/wp-json\/wp\/v2\/comments?post=46"}],"version-history":[{"count":0,"href":"https:\/\/www.tomsoft.hr\/en\/wp-json\/wp\/v2\/pages\/46\/revisions"}],"wp:attachment":[{"href":"https:\/\/www.tomsoft.hr\/en\/wp-json\/wp\/v2\/media?parent=46"}],"curies":[{"name":"wp","href":"https:\/\/api.w.org\/{rel}","templated":true}]}}