{"id":125,"date":"2018-11-06T12:47:52","date_gmt":"2018-11-06T12:47:52","guid":{"rendered":"http:\/\/www.tomsoft.hr\/?page_id=125"},"modified":"2018-12-11T10:54:43","modified_gmt":"2018-12-11T10:54:43","slug":"maloprodaja","status":"publish","type":"page","link":"https:\/\/www.tomsoft.hr\/sr\/luceed\/maloprodaja\/","title":{"rendered":"Maloprodaja"},"content":{"rendered":"<ul>\n<li>Pra\u0107enje prodaje u realnom vremenu po svim prodajnim jedinicama, radnicima, smenama, pra\u0107enje zaliha i raspolo\u017eivosti u realnom vremenu\n<ul>\n<li>Efikasna logistika centralne i interno snabdevanje poslovnica\n<ul>\n<li>Automatizovana dopuna zalihe poslovnica<\/li>\n<li>pra\u0107enje dostupnosti i dolaska naru\u010denih proizvoda<\/li>\n<\/ul>\n<\/li>\n<li>Izrada kalkulacija direktno iz ra\u010duna dobavlja\u010da<\/li>\n<li>Sistemsko zaklju\u010divanje dnevnog prometa s automatskim prenosom na sve nivoe (robno-materijalni i finansijski segment)<\/li>\n<li>Evidencija i nadzor povrata i reklamacija<\/li>\n<li>Administracijski sistem za dodeljivanje prava radnicima<\/li>\n<li>Sistem prodajnih akcija i Integrisani Loyalty sistem\n<ul>\n<li>Akcije\/sezonski popusti (nalepnice samo za akcijske artikle)<\/li>\n<li>Izdavanje, pla\u0107anje i nadzor poklon bonova\/vouchera<\/li>\n<\/ul>\n<\/li>\n<li>Implementacija fiskalizacija za regiju (HR, Srbija, BIH, Slovenija, Crna Gora, Makedonija)<\/li>\n<\/ul>\n<\/li>\n<\/ul>\n","protected":false},"excerpt":{"rendered":"<p>Pra\u0107enje prodaje u realnom vremenu po svim prodajnim jedinicama, radnicima, smenama, pra\u0107enje zaliha i raspolo\u017eivosti u realnom vremenu Efikasna logistika centralne i interno snabdevanje poslovnica Automatizovana dopuna zalihe poslovnica pra\u0107enje dostupnosti i dolaska naru\u010denih proizvoda Izrada kalkulacija direktno iz ra\u010duna dobavlja\u010da Sistemsko zaklju\u010divanje dnevnog prometa s automatskim prenosom na sve nivoe (robno-materijalni i finansijski segment) [&hellip;]<\/p>\n","protected":false},"author":1,"featured_media":0,"parent":115,"menu_order":1,"comment_status":"closed","ping_status":"closed","template":"template-industries.php","meta":{"_acf_changed":false,"footnotes":""},"acf":[],"_links":{"self":[{"href":"https:\/\/www.tomsoft.hr\/sr\/wp-json\/wp\/v2\/pages\/125"}],"collection":[{"href":"https:\/\/www.tomsoft.hr\/sr\/wp-json\/wp\/v2\/pages"}],"about":[{"href":"https:\/\/www.tomsoft.hr\/sr\/wp-json\/wp\/v2\/types\/page"}],"author":[{"embeddable":true,"href":"https:\/\/www.tomsoft.hr\/sr\/wp-json\/wp\/v2\/users\/1"}],"replies":[{"embeddable":true,"href":"https:\/\/www.tomsoft.hr\/sr\/wp-json\/wp\/v2\/comments?post=125"}],"version-history":[{"count":0,"href":"https:\/\/www.tomsoft.hr\/sr\/wp-json\/wp\/v2\/pages\/125\/revisions"}],"up":[{"embeddable":true,"href":"https:\/\/www.tomsoft.hr\/sr\/wp-json\/wp\/v2\/pages\/115"}],"wp:attachment":[{"href":"https:\/\/www.tomsoft.hr\/sr\/wp-json\/wp\/v2\/media?parent=125"}],"curies":[{"name":"wp","href":"https:\/\/api.w.org\/{rel}","templated":true}]}}