{"id":151,"date":"2018-11-06T14:32:21","date_gmt":"2018-11-06T14:32:21","guid":{"rendered":"http:\/\/www.tomsoft.hr\/?page_id=151"},"modified":"2018-11-12T16:00:47","modified_gmt":"2018-11-12T16:00:47","slug":"proizvodnja","status":"publish","type":"page","link":"https:\/\/www.tomsoft.hr\/sr\/luceed\/proizvodnja\/","title":{"rendered":"Proizvodnja"},"content":{"rendered":"<ul>\n<li>pra\u0107enje proizvodnje prema statusima<\/li>\n<li>obra\u010dun op\u0161tih tro\u0161kova proizvodnje<\/li>\n<li>rad po normativima<\/li>\n<li>jednostavno zaprimanje proizvedenog i razdu\u017eivanje utro\u0161enog<\/li>\n<li>kalkulacije po proizvodnim I planskim cenama<\/li>\n<\/ul>\n","protected":false},"excerpt":{"rendered":"<p>pra\u0107enje proizvodnje prema statusima obra\u010dun op\u0161tih tro\u0161kova proizvodnje rad po normativima jednostavno zaprimanje proizvedenog i razdu\u017eivanje utro\u0161enog kalkulacije po proizvodnim I planskim cenama<\/p>\n","protected":false},"author":1,"featured_media":0,"parent":115,"menu_order":6,"comment_status":"closed","ping_status":"closed","template":"template-industries.php","meta":{"_acf_changed":false,"footnotes":""},"acf":[],"_links":{"self":[{"href":"https:\/\/www.tomsoft.hr\/sr\/wp-json\/wp\/v2\/pages\/151"}],"collection":[{"href":"https:\/\/www.tomsoft.hr\/sr\/wp-json\/wp\/v2\/pages"}],"about":[{"href":"https:\/\/www.tomsoft.hr\/sr\/wp-json\/wp\/v2\/types\/page"}],"author":[{"embeddable":true,"href":"https:\/\/www.tomsoft.hr\/sr\/wp-json\/wp\/v2\/users\/1"}],"replies":[{"embeddable":true,"href":"https:\/\/www.tomsoft.hr\/sr\/wp-json\/wp\/v2\/comments?post=151"}],"version-history":[{"count":0,"href":"https:\/\/www.tomsoft.hr\/sr\/wp-json\/wp\/v2\/pages\/151\/revisions"}],"up":[{"embeddable":true,"href":"https:\/\/www.tomsoft.hr\/sr\/wp-json\/wp\/v2\/pages\/115"}],"wp:attachment":[{"href":"https:\/\/www.tomsoft.hr\/sr\/wp-json\/wp\/v2\/media?parent=151"}],"curies":[{"name":"wp","href":"https:\/\/api.w.org\/{rel}","templated":true}]}}