{"id":252,"date":"2018-11-08T12:51:27","date_gmt":"2018-11-08T12:51:27","guid":{"rendered":"http:\/\/www.tomsoft.hr\/?page_id=252"},"modified":"2025-11-05T13:51:35","modified_gmt":"2025-11-05T13:51:35","slug":"eu-projekt","status":"publish","type":"page","link":"https:\/\/www.tomsoft.hr\/sr\/eu-projekt\/","title":{"rendered":"EU projekat"},"content":{"rendered":"<p><img fetchpriority=\"high\" decoding=\"async\" class=\"alignnone size-full wp-image-255\" src=\"http:\/\/www.tomsoft.hr\/wp-content\/uploads\/2018\/11\/EU_Fondovi-1.png\" alt=\"\" width=\"249\" height=\"398\" srcset=\"https:\/\/www.tomsoft.hr\/wp-content\/uploads\/2018\/11\/EU_Fondovi-1.png 249w, https:\/\/www.tomsoft.hr\/wp-content\/uploads\/2018\/11\/EU_Fondovi-1-188x300.png 188w\" sizes=\"(max-width: 249px) 100vw, 249px\" \/><\/p>\n<p>Uspe\u0161nim postupkom dodele i potpisom Ugovora o dodeli bespovratnih sredstava izme\u0111u Ministarstva privrede i preduzetni\u0161tva i Hrvatske agencije za malu privredu, inovacije i investicije s\u00a0firmom Tomsoft d.o.o. zapo\u010deo je postupak sprovo\u0111enja projekta\u00a0<b>\u201eNabavkom nove opreme do novog proizvoda i pove\u0107anja konkurentnost\u00a0firme Tomsoft\u201c<\/b>, apliciranog na E-impuls. Razdoblje sprovo\u0111enja projekta je od 01.10.2017. do 01.03.2018.<\/p>\n<p>Projekt je trenutno u fazi instalacije nove opreme (hardver i softver) i integracije dizajnerskog re\u0161enja, koji su potrebni za proizvodnju novog proizvoda za koji je prepoznato potencijalno tr\u017ei\u0161te, kao i sprovo\u0111enja ciljanih marketin\u0161kih mera. Sprovo\u0111enjem projekta,\u00a0firma \u0107e pro\u0161iriti svoje poslovanje te uvesti novi proizvod u asortiman \u0161to \u0107e dovesti ne samo do o\u010duvanja postoje\u0107ih radnih mesta ve\u0107 i do novih zapo\u0161ljavanja.<\/p>\n<p>Projekt je u septembru 2016. godine prijavljen na Poziv za dostavu projektnih predloga E-impuls, iz Evropskog fonda za regionalni razvoj. Nosilac projekta je Tomsoft d.o.o., a glavni cilj projekta nije samo unapre\u0111enje poslovanja i konkurentnosti preduze\u0107a Tomsoft ve\u0107 i unapre\u0111enje poslovanja svih njegovih firmi klijenata, kojem \u0107e finalni proizvod ovog ulaganja pridoneti, \u010dime se u \u0161irem smislu doprinosi\u00a0privrednom razvoju na nivou RH zbog \u010dega je ulaganje EU sredstava u ovaj projekt vi\u0161estruko isplativo.<\/p>\n<p>Vrednost projekta je 390.100,00 kuna, od \u010dega Europska unija sufinancira 64% prihvatljivih tro\u0161kova, odnosno 167.808,00 kuna<\/p>\n<p>Kontakt osobe za vi\u0161e informacija:<\/p>\n<p><b>Meri Ivan\u010devi\u0107 \u2013\u00a0<span id=\"OBJ_PREFIX_DWT13763_ZmEmailObjectHandler\" class=\"Object\" role=\"link\"><span id=\"OBJ_PREFIX_DWT13765_ZmEmailObjectHandler\" class=\"Object\" role=\"link\">meri.ivancevic@tomsoft.hr<\/span><\/span><\/b><\/p>\n<p>Detaljnije o fondu i operativnom programu mo\u017ee se videti na slede\u0107oj stranici:\u00a0<span id=\"OBJ_PREFIX_DWT13764_com_zimbra_url\" class=\"Object\" role=\"link\"><span id=\"OBJ_PREFIX_DWT13766_com_zimbra_url\" class=\"Object\" role=\"link\"><a href=\"http:\/\/www.strukturnifondovi.hr\/\" target=\"_blank\" rel=\"noopener\">www.strukturnifondovi.hr<\/a><\/span><\/span>.<\/p>\n","protected":false},"excerpt":{"rendered":"<p>Uspe\u0161nim postupkom dodele i potpisom Ugovora o dodeli bespovratnih sredstava izme\u0111u Ministarstva privrede i preduzetni\u0161tva i Hrvatske agencije za malu privredu, inovacije i investicije s\u00a0firmom Tomsoft d.o.o. zapo\u010deo je postupak sprovo\u0111enja projekta\u00a0\u201eNabavkom nove opreme do novog proizvoda i pove\u0107anja konkurentnost\u00a0firme Tomsoft\u201c, apliciranog na E-impuls. Razdoblje sprovo\u0111enja projekta je od 01.10.2017. do 01.03.2018. Projekt je trenutno [&hellip;]<\/p>\n","protected":false},"author":1,"featured_media":0,"parent":0,"menu_order":0,"comment_status":"closed","ping_status":"closed","template":"","meta":{"_acf_changed":false,"footnotes":""},"acf":[],"_links":{"self":[{"href":"https:\/\/www.tomsoft.hr\/sr\/wp-json\/wp\/v2\/pages\/252"}],"collection":[{"href":"https:\/\/www.tomsoft.hr\/sr\/wp-json\/wp\/v2\/pages"}],"about":[{"href":"https:\/\/www.tomsoft.hr\/sr\/wp-json\/wp\/v2\/types\/page"}],"author":[{"embeddable":true,"href":"https:\/\/www.tomsoft.hr\/sr\/wp-json\/wp\/v2\/users\/1"}],"replies":[{"embeddable":true,"href":"https:\/\/www.tomsoft.hr\/sr\/wp-json\/wp\/v2\/comments?post=252"}],"version-history":[{"count":2,"href":"https:\/\/www.tomsoft.hr\/sr\/wp-json\/wp\/v2\/pages\/252\/revisions"}],"predecessor-version":[{"id":3158,"href":"https:\/\/www.tomsoft.hr\/sr\/wp-json\/wp\/v2\/pages\/252\/revisions\/3158"}],"wp:attachment":[{"href":"https:\/\/www.tomsoft.hr\/sr\/wp-json\/wp\/v2\/media?parent=252"}],"curies":[{"name":"wp","href":"https:\/\/api.w.org\/{rel}","templated":true}]}}