{"id":266,"date":"2018-11-08T13:06:47","date_gmt":"2018-11-08T13:06:47","guid":{"rendered":"http:\/\/www.tomsoft.hr\/en\/?page_id=266"},"modified":"2018-12-11T10:47:44","modified_gmt":"2018-12-11T10:47:44","slug":"implementacija-i-edukacija","status":"publish","type":"page","link":"https:\/\/www.tomsoft.hr\/sr\/implementacija-i-edukacija\/","title":{"rendered":"Implementacija i edukacija"},"content":{"rendered":"<p><em>Tokom implementacije Luceeda kod novog korisnika posao na\u0161ih specijalista je \u201eutabati\u201c staze kojima \u0107e se kretati pojedini procesi. Odli\u010dna je to prilika da zajedno s korisnikom, na osnovu prethodnih iskustava, optimizujemo svaki pojedini segment poslovanja, \u010dime se pove\u0107ava efikasnost i dugoro\u010dno smanjuju tro\u0161kovi.<\/em><\/p>\n","protected":false},"excerpt":{"rendered":"<p>Tokom implementacije Luceeda kod novog korisnika posao na\u0161ih specijalista je \u201eutabati\u201c staze kojima \u0107e se kretati pojedini procesi. Odli\u010dna je to prilika da zajedno s korisnikom, na osnovu prethodnih iskustava, optimizujemo svaki pojedini segment poslovanja, \u010dime se pove\u0107ava efikasnost i dugoro\u010dno smanjuju tro\u0161kovi.<\/p>\n","protected":false},"author":1,"featured_media":0,"parent":0,"menu_order":0,"comment_status":"closed","ping_status":"closed","template":"","meta":{"_acf_changed":false,"footnotes":""},"acf":[],"_links":{"self":[{"href":"https:\/\/www.tomsoft.hr\/sr\/wp-json\/wp\/v2\/pages\/266"}],"collection":[{"href":"https:\/\/www.tomsoft.hr\/sr\/wp-json\/wp\/v2\/pages"}],"about":[{"href":"https:\/\/www.tomsoft.hr\/sr\/wp-json\/wp\/v2\/types\/page"}],"author":[{"embeddable":true,"href":"https:\/\/www.tomsoft.hr\/sr\/wp-json\/wp\/v2\/users\/1"}],"replies":[{"embeddable":true,"href":"https:\/\/www.tomsoft.hr\/sr\/wp-json\/wp\/v2\/comments?post=266"}],"version-history":[{"count":0,"href":"https:\/\/www.tomsoft.hr\/sr\/wp-json\/wp\/v2\/pages\/266\/revisions"}],"wp:attachment":[{"href":"https:\/\/www.tomsoft.hr\/sr\/wp-json\/wp\/v2\/media?parent=266"}],"curies":[{"name":"wp","href":"https:\/\/api.w.org\/{rel}","templated":true}]}}