{"id":57,"date":"2018-11-05T13:17:35","date_gmt":"2018-11-05T13:17:35","guid":{"rendered":"http:\/\/www.tomsoft.hr\/?page_id=57"},"modified":"2018-11-14T08:24:04","modified_gmt":"2018-11-14T08:24:04","slug":"solutions","status":"publish","type":"page","link":"https:\/\/www.tomsoft.hr\/sr\/solutions\/","title":{"rendered":"Re\u0161enja"},"content":{"rendered":"<p>Kreirali smo re\u0161enja koja na\u0161im\u00a0korisnicima\u00a0pobolj\u0161avaju poslovanje, smanjuju rizik i omogu\u0107uju da se koncentri\u0161u na ono najva\u017enije &#8211; svoj posao<\/p>\n","protected":false},"excerpt":{"rendered":"<p>Kreirali smo re\u0161enja koja na\u0161im\u00a0korisnicima\u00a0pobolj\u0161avaju poslovanje, smanjuju rizik i omogu\u0107uju da se koncentri\u0161u na ono najva\u017enije &#8211; svoj posao<\/p>\n","protected":false},"author":1,"featured_media":0,"parent":0,"menu_order":0,"comment_status":"closed","ping_status":"closed","template":"template-solutions-home.php","meta":{"_acf_changed":false,"footnotes":""},"acf":[],"_links":{"self":[{"href":"https:\/\/www.tomsoft.hr\/sr\/wp-json\/wp\/v2\/pages\/57"}],"collection":[{"href":"https:\/\/www.tomsoft.hr\/sr\/wp-json\/wp\/v2\/pages"}],"about":[{"href":"https:\/\/www.tomsoft.hr\/sr\/wp-json\/wp\/v2\/types\/page"}],"author":[{"embeddable":true,"href":"https:\/\/www.tomsoft.hr\/sr\/wp-json\/wp\/v2\/users\/1"}],"replies":[{"embeddable":true,"href":"https:\/\/www.tomsoft.hr\/sr\/wp-json\/wp\/v2\/comments?post=57"}],"version-history":[{"count":0,"href":"https:\/\/www.tomsoft.hr\/sr\/wp-json\/wp\/v2\/pages\/57\/revisions"}],"wp:attachment":[{"href":"https:\/\/www.tomsoft.hr\/sr\/wp-json\/wp\/v2\/media?parent=57"}],"curies":[{"name":"wp","href":"https:\/\/api.w.org\/{rel}","templated":true}]}}