{"id":59,"date":"2018-11-05T13:18:02","date_gmt":"2018-11-05T13:18:02","guid":{"rendered":"http:\/\/www.tomsoft.hr\/?page_id=59"},"modified":"2021-11-23T13:47:10","modified_gmt":"2021-11-23T13:47:10","slug":"integracija","status":"publish","type":"page","link":"https:\/\/www.tomsoft.hr\/sr\/solutions\/integracija\/","title":{"rendered":"Integracija"},"content":{"rendered":"<div>\n<div>Glavni ciljevi svake integracije su:<\/div>\n<ul>\n<li>brzina protoka informacija<\/li>\n<li>ta\u010dnost informacija<\/li>\n<li>minimum potro\u0161nje vremena<\/li>\n<\/ul>\n<p>&nbsp;<\/p>\n<div>Pogledajmo kako\u00a0 izgleda ra\u010dunica utro\u0161enog vremena na jednom banalnom primeru integracija dostavnih slu\u017ebi:<\/div>\n<div><\/div>\n<div>Va\u0161a firma \u0161alje 200 po\u0161iljki dnevno. Bez integracije za evidenciju svake po\u0161iljke potrebno je 90 sekundi, a sa integracijom 20. Direktna u\u0161teda samo na vremenu je gotovo 4h dnevno, \u0161to je 1040 h godi\u0161nje odnosno 130 radnih dana odnosno 6,5 meseci.<\/div>\n<div>Kada bi ovo uporedili sa prose\u010dnom platom u Srbiji, direktna u\u0161teda samo u ovom segmentu je 440.000 RSD.<\/div>\n<div><\/div>\n<div>Kako bi maksimalno optimizovali Va\u0161e procese i maksimizovali efikasnost na\u0161 tim svakodnevno radi na novim integracijama.<\/div>\n<div><\/div>\n<div>U nastavku se nalazi deo integracija koje su ve\u0107 &#8222;ugra\u0111ene&#8220; u Luceed ERP.<\/div>\n<div><\/div>\n<div><\/div>\n<\/div>\n<div><img fetchpriority=\"high\" decoding=\"async\" class=\"alignnone size-full wp-image-471\" src=\"http:\/\/www.tomsoft.hr\/wp-content\/uploads\/2018\/11\/Group-203-3.png\" alt=\"\" width=\"758\" height=\"1000\" srcset=\"https:\/\/www.tomsoft.hr\/wp-content\/uploads\/2018\/11\/Group-203-3.png 758w, https:\/\/www.tomsoft.hr\/wp-content\/uploads\/2018\/11\/Group-203-3-227x300.png 227w\" sizes=\"(max-width: 758px) 100vw, 758px\" \/><\/div>\n<div><\/div>\n","protected":false},"excerpt":{"rendered":"<p>Glavni ciljevi svake integracije su: brzina protoka informacija ta\u010dnost informacija minimum potro\u0161nje vremena &nbsp; Pogledajmo kako\u00a0 izgleda ra\u010dunica utro\u0161enog vremena na jednom banalnom primeru integracija dostavnih slu\u017ebi: Va\u0161a firma \u0161alje 200 po\u0161iljki dnevno. Bez integracije za evidenciju svake po\u0161iljke potrebno je 90 sekundi, a sa integracijom 20. Direktna u\u0161teda samo na vremenu je gotovo 4h [&hellip;]<\/p>\n","protected":false},"author":1,"featured_media":0,"parent":57,"menu_order":4,"comment_status":"closed","ping_status":"closed","template":"template-solutions.php","meta":{"_acf_changed":false,"footnotes":""},"acf":[],"_links":{"self":[{"href":"https:\/\/www.tomsoft.hr\/sr\/wp-json\/wp\/v2\/pages\/59"}],"collection":[{"href":"https:\/\/www.tomsoft.hr\/sr\/wp-json\/wp\/v2\/pages"}],"about":[{"href":"https:\/\/www.tomsoft.hr\/sr\/wp-json\/wp\/v2\/types\/page"}],"author":[{"embeddable":true,"href":"https:\/\/www.tomsoft.hr\/sr\/wp-json\/wp\/v2\/users\/1"}],"replies":[{"embeddable":true,"href":"https:\/\/www.tomsoft.hr\/sr\/wp-json\/wp\/v2\/comments?post=59"}],"version-history":[{"count":0,"href":"https:\/\/www.tomsoft.hr\/sr\/wp-json\/wp\/v2\/pages\/59\/revisions"}],"up":[{"embeddable":true,"href":"https:\/\/www.tomsoft.hr\/sr\/wp-json\/wp\/v2\/pages\/57"}],"wp:attachment":[{"href":"https:\/\/www.tomsoft.hr\/sr\/wp-json\/wp\/v2\/media?parent=59"}],"curies":[{"name":"wp","href":"https:\/\/api.w.org\/{rel}","templated":true}]}}