{"id":716,"date":"2018-12-10T09:00:39","date_gmt":"2018-12-10T09:00:39","guid":{"rendered":"http:\/\/www.tomsoft.hr\/?page_id=716"},"modified":"2019-05-03T07:32:54","modified_gmt":"2019-05-03T07:32:54","slug":"opci-uvjeti-koristenja","status":"publish","type":"page","link":"https:\/\/www.tomsoft.hr\/sr\/opci-uvjeti-koristenja\/","title":{"rendered":"Op\u0107i uvjeti kori\u0161tenja"},"content":{"rendered":"<p><strong>Op\u0107i uvjeti kori\u0161tenja Internet stranice www.tomsoft.rs<\/strong><\/p>\n<p>&nbsp;<\/p>\n<p>Molimo Vas da se prije po\u010detka kori\u0161tenja Internet stranice www.tomsoft.rs (dalje u tekstu: &#8222;stranica&#8220;) koju pru\u017ea dru\u0161tvo Tomsoft Solutions d.o.o. sa sjedi\u0161tem u Beogradu, YUBC; Bulevar Mihaila Pupina 1OA, PIB:\u00a0<strong>\u00a0<\/strong>110311078, (dalje u tekstu: Tomsoft i\/ili Pru\u017eatelj usluge) upoznate s ovim Op\u0107im uvjetima kori\u0161tenja Internet stranice. Imate li bilo kakva pitanja ili nejasno\u0107e vezane za uvjete kori\u0161tenja, molimo da nam se obratite na adresu: Beogradu, YUBC; Bulevar Mihaila Pupina 1OA.<\/p>\n<p><strong>\u00a0<\/strong><\/p>\n<p><strong>Prihva\u0107anje Op\u0107ih uvjeta<\/strong><\/p>\n<p>&nbsp;<\/p>\n<ol>\n<li>Pristupanjem stranici ili kori\u0161tenjem bilo kojeg dijela njezinog sadr\u017eaja ili usluga, prihva\u0107ate ove Op\u0107e uvjete kori\u0161tenja Internet stranice www.tomsoft.rs (dalje u tekstu: &#8222;Op\u0107i uvjeti&#8220;), kao i sva ostala pravila i uvjete kori\u0161tenja predmetne stranice i usluga koje se putem iste pru\u017eaju. Ukoliko se ne sla\u017eete s navedenim, molimo vas da dalje ne koristite stranicu i usluge koje se putem nje pru\u017eaju.<\/li>\n<\/ol>\n<p>&nbsp;<\/p>\n<p><strong>Promjene Op\u0107ih uvjeta i stranice<\/strong><\/p>\n<p>&nbsp;<\/p>\n<ol>\n<li>Tomsoft zadr\u017eava pravo u bilo kojem trenutku izmijeniti ili dopuniti ove Op\u0107e uvjete, te takve promjene stupaju na snagu danom objave na stranicama. Nastavljanjem pristupa stranicama ili nastavljanjem kori\u0161tenja bilo kojeg dijela njihovog sadr\u017eaja ili usluga smatrat \u0107e se da pristajete na takve izmijenjene ili dopunjene Op\u0107e uvjete. Tomsoft Vam savjetuje da periodi\u010dno provjeravate ove Op\u0107e uvjete kako bi bili upoznati sa eventualnim promjenama istih.<\/li>\n<\/ol>\n<p>&nbsp;<\/p>\n<ol start=\"2\">\n<li>Tomsoft zadr\u017eava pravo u bilo kojem trenutku i bez prethodne najave izmijeniti, dopuniti ili ukinuti bilo koji dio svog poslovanja, \u0161to uklju\u010duje i stranicu, odnosno bilo koji njegov dio, servise, podstranice ili usluge koje se putem nje pru\u017eaju. Predmetno pravo uklju\u010duje, ali se ne ograni\u010dava na promjenu vremena dostupnosti, sadr\u017eaja, dostupnosti novih podataka, na\u010dina prijenosa, kao i prava na pristup ili kori\u0161tenje stranici.<\/li>\n<\/ol>\n<p>&nbsp;<\/p>\n<ol start=\"3\">\n<li>Va\u0161a je du\u017enost i obveza da koristite stranicu u skladu sa pozitivnim propisima, te op\u0107im moralnim i eti\u010dkim na\u010delima. Tomsoft ima pravo u svakom trenutku vr\u0161iti kontrolu sadr\u017eaja stranice kako bi osigurao po\u0161tivanje ovih Op\u0107ih uvjeta i pozitivnih propisa.<\/li>\n<\/ol>\n<p>&nbsp;<\/p>\n<ol start=\"4\">\n<li>Obvezujete se da se ne\u0107ete koristiti stranicom, odnosno njezinim sadr\u017eajem i uslugama kako biste:<\/li>\n<\/ol>\n<p>&nbsp;<\/p>\n<ol>\n<li>obavljali bilo koju nezakonitu ili neovla\u0161tenu radnju;<\/li>\n<\/ol>\n<p>&nbsp;<\/p>\n<ol>\n<li>sugerirali Va\u0161u povezanost sa stranicama;<\/li>\n<\/ol>\n<p>&nbsp;<\/p>\n<ol>\n<li>kr\u0161ili bilo koji pozitivan propis.<\/li>\n<\/ol>\n<p>&nbsp;<\/p>\n<p>&nbsp;<\/p>\n<p><strong>Sadr\u017eaj i usluge<\/strong><\/p>\n<p>&nbsp;<\/p>\n<ol>\n<li>Stranica Vam omogu\u0107ava da pristupite razli\u010ditim sadr\u017eajima. Sadr\u017eaje stvaraTomsoft, na\u0161i suradnici i partneri.<\/li>\n<\/ol>\n<p>&nbsp;<\/p>\n<ol start=\"2\">\n<li>Tomsoft ne odgovara za sadr\u017eaje partnera i tre\u0107ih osoba.<\/li>\n<\/ol>\n<p>&nbsp;<\/p>\n<ol start=\"3\">\n<li>Stranica sadr\u017ei i dokumente, podatke, informacije kao i veze (&#8222;linkove&#8220;) do drugih Internet stranica kreiranih od strane tre\u0107ih osoba koje \u0107e se, u opsegu u kojem je to potrebno i mogu\u0107e, kao takve ozna\u010davati. Tomsoft nema nadzor nad navedenim dokumentima, podacima, informacijama ili drugim Internet stranicama uop\u0107e te se u potpunosti odri\u010de svake odgovornosti, uklju\u010duju\u0107i ali ne ograni\u010deno na to\u010dnost, potpunost i dostupnost sadr\u017eaju na Internet stranicama kreiranim od strane tre\u0107ih osoba. Tomsoft se odri\u010de svake odgovornosti zbog bilo kojeg sadr\u017eaja prikazanog na takvim stranicama tre\u0107ih osoba, kao i zbog eventualnih proizvoda ili usluga koji su se stekli putem takvih tre\u0107ih stranica. Ne\u0107e se smatrati da su takve tre\u0107e osobe na bilo koji na\u010din povezane s Tomsoft-om samo zbog postojanja veze s web stranicom.<\/li>\n<\/ol>\n<p>&nbsp;<\/p>\n<ol start=\"4\">\n<li>Tomsoft do najve\u0107e mjere dopu\u0161tene pozitivnim propisima ne odgovara za bilo kakvu \u0161tetu koja mo\u017ee biti uzrokovana Vama ili drugim korisnicima u svezi s kori\u0161tenjem ili pouzdavanjem u bilo koji sadr\u017eaj objavljen na stranicama.<\/li>\n<\/ol>\n<p>&nbsp;<\/p>\n<ol start=\"5\">\n<li>Tomsoft zadr\u017eava pravo na promjenu, privremenu obustavu, odgodu i prestanak prikazivanja ili pru\u017eanja bilo kojih sadr\u017eaja i usluga u bilo koje vrijeme i iz bilo kojeg razloga. Tomsoft tako\u0111er ima pravo ograni\u010diti pristup odre\u0111enim uslugama, sadr\u017eajima i dijelovima istih bez prethodne najave.<\/li>\n<\/ol>\n<p>&nbsp;<\/p>\n<p><strong>Autorska prava<\/strong><\/p>\n<p>&nbsp;<\/p>\n<ol>\n<li>Svi sadr\u017eaji, dokumenti, podaci i informacije objavljeni na stranici za\u0161ti\u0107eni su autorskim pravom i drugim pravim intelektualnog vlasni\u0161tva, te se ne smiju se objavljivati, reproducirati, distribuirati ili na bilo koji na\u010din koristiti bez izri\u010ditog prethodnog pisanog pristanka nositelja odgovaraju\u0107eg prava i Tomsofta.<\/li>\n<\/ol>\n<p>&nbsp;<\/p>\n<ol start=\"2\">\n<li>Korisnik osobito nema pravo skidati, umno\u017eavati, mijenjati, ure\u0111ivati, distribuirati, prikazivati, brisati, slati, prodavati, preprodavati, prilago\u0111avati, mijenjati sadr\u017eaj, stvarati izvedenice, uklju\u010divati na druge Internet stranicu ili medije ili koristiti na bilo koji na\u010din osim za osobne svrhe za ku\u0107nu uporabu.<\/li>\n<\/ol>\n<p>&nbsp;<\/p>\n<ol start=\"3\">\n<li>Uredni\u010dki sadr\u017eaj stranice je vlasni\u0161tvo Tomsofta.<\/li>\n<\/ol>\n<p>&nbsp;<\/p>\n<ol start=\"4\">\n<li>Kori\u0161tenjem stranice daje Vam se ograni\u010dena, neisklju\u010diva, neprenosiva i opoziva dozvola za kori\u0161tenje sadr\u017eaja stranice na na\u010din da se iste pregledavate za osobne svrhe i to uz po\u0161tivanje sljede\u0107ih uvjeta:<\/li>\n<\/ol>\n<p>&nbsp;<\/p>\n<ol>\n<li>Sadr\u017eaje i usluge korisnik koristi na vlastitu odgovornost;<\/li>\n<\/ol>\n<p>&nbsp;<\/p>\n<ol>\n<li>Korisnik smije koristiti sadr\u017eaje i usluge jedino uz po\u0161tivanje autorskih prava i drugih prava intelektualnog vlasni\u0161tva njihovih nositelja iTomsofta;<\/li>\n<\/ol>\n<p>&nbsp;<\/p>\n<ol>\n<li>Korisnik ne smije \u010diniti nikakve modifikacije na sadr\u017eajima i uslugama bez prethodnog izri\u010ditog pisanog pristankaTomsofta;<\/li>\n<\/ol>\n<p>&nbsp;<\/p>\n<ol>\n<li>Na svim kori\u0161tenim sadr\u017eajima i materijalima, ako priroda stvari to dopu\u0161ta, moraju biti vidljive napomene o autorskom pravu, za\u0161titni znak, \u017eig, logo.<\/li>\n<\/ol>\n<p>&nbsp;<\/p>\n<ol start=\"5\">\n<li>Radi izbjegavanja svake dvojbe, Tomsoft izri\u010dito zadr\u017eava i ne prenosi na korisnika bilo koja druga prava u odnosu na sadr\u017eaj stranice, te zabranjuje kori\u0161tenje sadr\u017eaja stranice, osim kako je to odre\u0111eno ovim Op\u0107im uvjetima i kako je to eventualno dozvoljeno uputama na samoj stranici.<\/li>\n<\/ol>\n<p>&nbsp;<\/p>\n<p><strong>Odgovornost<\/strong><\/p>\n<p>&nbsp;<\/p>\n<ol>\n<li>Tomsoft ne odgovara ni za kakvu \u0161tetu koja bi mogla nastati zbog prekida dostupnosti, neobjavljivanja, odnosno brisanja sadr\u017eaja ili gre\u0161ke u radu stranice.<\/li>\n<\/ol>\n<p>&nbsp;<\/p>\n<ol start=\"2\">\n<li>Stranicu koristite isklju\u010divo na Va\u0161u vlastitu odgovornost. Tomsoft kao niti jedna tre\u0107a osoba povezana sa njime, ne jam\u010de ni na koji na\u010din da upotreba stranica ne\u0107e biti prekinuta ili da \u0107e biti bez pote\u0161ko\u0107a u radu. Prihva\u0107ate da pristup ovoj internetskoj stranici ponekad mo\u017ee biti u prekidu, privremeno nedostupan ili isklju\u010den zbog rutinskog odr\u017eavanja stranice tako i iz drugih razloga za koje nije odgovoran Tomsoft.<\/li>\n<\/ol>\n<p>&nbsp;<\/p>\n<ol start=\"3\">\n<li>Upoznati ste i suglasni ste s \u010dinjenicom da pri kori\u0161tenju internetskom mre\u017eom ponekad mo\u017ee do\u0107i do tehni\u010dkih problema pri funkcioniranju navedene, a s time i do privremenog prekida usluga. Takvi i sli\u010dni doga\u0111aji su izvan na\u0161e kontrole pa iz toga razloga Tomsoft ne mo\u017ee biti odgovoran za bilo kakav gubitak podataka ili kakav drugi doga\u0111aj do kojeg mo\u017ee do\u0107i za vrijeme kori\u0161tenja i pru\u017eanja usluga. Tomsoft ni u kojem slu\u010daju ne\u0107e biti odgovoran za bilo kakvu \u0161tetu koja mo\u017ee nastati kao posljedica kori\u0161tenja ili nemogu\u0107nosti kori\u0161tenja ove internetske stranice.<\/li>\n<\/ol>\n<p>&nbsp;<\/p>\n<p>&nbsp;<\/p>\n","protected":false},"excerpt":{"rendered":"<p>Op\u0107i uvjeti kori\u0161tenja Internet stranice www.tomsoft.rs &nbsp; Molimo Vas da se prije po\u010detka kori\u0161tenja Internet stranice www.tomsoft.rs (dalje u tekstu: &#8222;stranica&#8220;) koju pru\u017ea dru\u0161tvo Tomsoft Solutions d.o.o. sa sjedi\u0161tem u Beogradu, YUBC; Bulevar Mihaila Pupina 1OA, PIB:\u00a0\u00a0110311078, (dalje u tekstu: Tomsoft i\/ili Pru\u017eatelj usluge) upoznate s ovim Op\u0107im uvjetima kori\u0161tenja Internet stranice. Imate li bilo [&hellip;]<\/p>\n","protected":false},"author":1,"featured_media":0,"parent":0,"menu_order":0,"comment_status":"closed","ping_status":"closed","template":"","meta":{"_acf_changed":false,"footnotes":""},"acf":[],"_links":{"self":[{"href":"https:\/\/www.tomsoft.hr\/sr\/wp-json\/wp\/v2\/pages\/716"}],"collection":[{"href":"https:\/\/www.tomsoft.hr\/sr\/wp-json\/wp\/v2\/pages"}],"about":[{"href":"https:\/\/www.tomsoft.hr\/sr\/wp-json\/wp\/v2\/types\/page"}],"author":[{"embeddable":true,"href":"https:\/\/www.tomsoft.hr\/sr\/wp-json\/wp\/v2\/users\/1"}],"replies":[{"embeddable":true,"href":"https:\/\/www.tomsoft.hr\/sr\/wp-json\/wp\/v2\/comments?post=716"}],"version-history":[{"count":0,"href":"https:\/\/www.tomsoft.hr\/sr\/wp-json\/wp\/v2\/pages\/716\/revisions"}],"wp:attachment":[{"href":"https:\/\/www.tomsoft.hr\/sr\/wp-json\/wp\/v2\/media?parent=716"}],"curies":[{"name":"wp","href":"https:\/\/api.w.org\/{rel}","templated":true}]}}