{"id":818,"date":"2019-05-20T13:24:11","date_gmt":"2019-05-20T13:24:11","guid":{"rendered":"http:\/\/www.tomsoft.hr\/?page_id=818"},"modified":"2025-10-09T12:42:03","modified_gmt":"2025-10-09T12:42:03","slug":"domene","status":"publish","type":"page","link":"https:\/\/www.tomsoft.hr\/sr\/solutions\/domene\/","title":{"rendered":"Domene"},"content":{"rendered":"<p><strong>Registracija .hr domene<\/strong><\/p>\n<p>Tomsoft d.o.o. je ovla\u0161teni registrar za naplatnu nacionalnu vr\u0161nu domenu (.hr) od 01.07.2010. godine. Budu\u0107i je nacionalna domena jedan od elemenata nacionalnog bogatstva te temelj njene prepoznatljivosti u virtualnom svijetu, upravljanje tim domenama podrazumijeva visok stupanj odgovornosti.<\/p>\n<p>Prema <a href=\"https:\/\/www.domene.hr\/portal\/about\/documents\" target=\"_blank\" rel=\"noopener noreferrer\">Pravilniku o ustrojstvu i upravljanju vr\u0161nom nacionalnom internetskom domenom<\/a>,\u00a0 <strong>naplatnu .hr domenu mogu registrirati: <\/strong><\/p>\n<ul>\n<li>pravne osobe (trgova\u010dka dru\u0161tva, udruge, politi\u010dke stranke i ostale organizacije s pravnom osobno\u0161\u0107u) registrirane u RH,<\/li>\n<li>sve fizi\u010dke osobe u RH,<\/li>\n<li>strane pravne osobe koje imaju registriranu podru\u017enicu u RH,<\/li>\n<li>pravne osobe s poslovnim nastanom u EU uz uporabu VAT\/OIB broja.<\/li>\n<\/ul>\n<p>Domenu mo\u017eete registrirati na nivou godine, prema sljede\u0107em cjeniku (zakup domene obnavlja se svake godine).<\/p>\n<table width=\"532\">\n<tbody>\n<tr>\n<td width=\"121\"><strong>Hrvatske domene<\/strong><\/td>\n<td style=\"text-align: right;\" width=\"129\">Netto (EUR)\/god*<\/td>\n<\/tr>\n<tr>\n<td width=\"121\"><strong>.hr<\/strong><\/td>\n<td style=\"text-align: right;\" width=\"129\">600,00<\/td>\n<\/tr>\n<tr>\n<td width=\"121\"><strong>.com.hr<\/strong><\/td>\n<td style=\"text-align: right;\" width=\"129\">60,00<\/td>\n<\/tr>\n<tr>\n<td width=\"121\"><strong>jednoslovna .hr<\/strong><\/td>\n<td style=\"text-align: right;\" width=\"129\">4.400,00<\/td>\n<\/tr>\n<tr>\n<td width=\"121\"><strong>dvoslovna .hr<\/strong><\/td>\n<td style=\"text-align: right;\" width=\"129\">2.400,00<\/td>\n<\/tr>\n<tr>\n<td width=\"121\"><strong>\u00a0<\/strong><\/td>\n<td style=\"font-size: 10px; text-align: right;\" width=\"129\">* cijene su EUR bez pdv-a<\/td>\n<\/tr>\n<\/tbody>\n<\/table>\n<p>&nbsp;<\/p>\n<p><a class=\"obrazac-link\" href=\"\/obrazac-za-registraciju-naplatne-domene\/\">Registriraj domenu<\/a><\/p>\n<p>&nbsp;<\/p>\n<p>Registracija <strong>besplatne .hr domene<\/strong> vr\u0161i se direktno preko Carnet-a &#8211;\u00a0 potrebna pravila i upute mo\u017eete na\u0107i <a href=\"https:\/\/www.domene.hr\/portal\/register\"><strong>ovdje<\/strong><\/a>.<\/p>\n<p>&nbsp;<\/p>\n<p><strong>Registracija ostalih komercijalnih domena<\/strong><\/p>\n<p>Osim nacionalnih, preko nas mo\u017eete registrirati i ostale komercijalne domene:<\/p>\n<table width=\"536\">\n<tbody>\n<tr>\n<td width=\"121\"><strong>Globalne domene<\/strong><\/td>\n<td style=\"text-align: right;\" width=\"129\">Netto (kn)\/god*<\/td>\n<td width=\"161\"><strong>Ostale nacionalne domene<\/strong><\/td>\n<td style=\"text-align: right;\" width=\"97\">Netto (kn)\/god*<\/td>\n<\/tr>\n<tr>\n<td width=\"121\"><strong>.com<\/strong><\/td>\n<td style=\"text-align: right;\" width=\"129\">129,00<\/td>\n<td width=\"161\"><strong>.si<\/strong><\/td>\n<td style=\"text-align: right;\" width=\"97\">159,00<\/td>\n<\/tr>\n<tr>\n<td width=\"121\"><strong>.net<\/strong><\/td>\n<td style=\"text-align: right;\" width=\"129\">129,00<\/td>\n<td width=\"161\"><strong>.rs<\/strong><\/td>\n<td style=\"text-align: right;\" width=\"97\">189,00<\/td>\n<\/tr>\n<tr>\n<td width=\"121\"><strong>.org<\/strong><\/td>\n<td style=\"text-align: right;\" width=\"129\">139,00<\/td>\n<td width=\"161\"><strong>.de<\/strong><\/td>\n<td style=\"text-align: right;\" width=\"97\">89,00<\/td>\n<\/tr>\n<tr>\n<td width=\"121\"><strong>.eu<\/strong><\/td>\n<td style=\"text-align: right;\" width=\"129\">89,00<\/td>\n<td width=\"161\"><strong>.ba<\/strong><\/td>\n<td style=\"text-align: right;\" width=\"97\">330,00<\/td>\n<\/tr>\n<tr>\n<td width=\"121\"><strong>.biz<\/strong><\/td>\n<td style=\"text-align: right;\" width=\"129\">149,00<\/td>\n<td width=\"161\"><strong>.at<\/strong><\/td>\n<td style=\"text-align: right;\" width=\"97\">139,00<\/td>\n<\/tr>\n<tr>\n<td width=\"121\"><strong>.info<\/strong><\/td>\n<td style=\"text-align: right;\" width=\"129\">139,00<\/td>\n<td width=\"161\"><strong>.al<\/strong><\/td>\n<td style=\"text-align: right;\" width=\"97\">519,00<\/td>\n<\/tr>\n<tr>\n<td width=\"121\"><strong>.tv<\/strong><\/td>\n<td style=\"text-align: right;\" width=\"129\">249,00<\/td>\n<td width=\"161\"><strong>.co.uk<\/strong><\/td>\n<td style=\"text-align: right;\" width=\"97\">89,00<\/td>\n<\/tr>\n<tr>\n<td width=\"121\"><strong>.tel<\/strong><\/td>\n<td style=\"text-align: right;\" width=\"129\">139,00<\/td>\n<td width=\"161\"><\/td>\n<td style=\"font-size: 10px; text-align: right;\" width=\"97\">* cijene su kn bez pdv-a<\/td>\n<\/tr>\n<tr>\n<td width=\"121\"><strong>.ninja<\/strong><\/td>\n<td style=\"text-align: right;\" width=\"129\">159,00<\/td>\n<td width=\"161\"><\/td>\n<td width=\"97\"><\/td>\n<\/tr>\n<tr>\n<td width=\"121\"><strong>.mobi<\/strong><\/td>\n<td style=\"text-align: right;\" width=\"129\">99,00<\/td>\n<td width=\"161\"><\/td>\n<td width=\"97\"><\/td>\n<\/tr>\n<tr>\n<td width=\"121\"><strong>.me<\/strong><\/td>\n<td style=\"text-align: right;\" width=\"129\">99,00<\/td>\n<td width=\"161\"><\/td>\n<td width=\"97\"><\/td>\n<\/tr>\n<tr>\n<td width=\"121\"><strong>.direct<\/strong><\/td>\n<td style=\"text-align: right;\" width=\"129\">330,00<\/td>\n<td width=\"161\"><\/td>\n<td width=\"97\"><\/td>\n<\/tr>\n<tr>\n<td width=\"121\"><strong>.blog<\/strong><\/td>\n<td style=\"text-align: right;\" width=\"129\">259,00<\/td>\n<td width=\"161\"><\/td>\n<td width=\"97\"><\/td>\n<\/tr>\n<tr>\n<td width=\"121\"><strong>.bg<\/strong><\/td>\n<td style=\"text-align: right;\" width=\"129\">440,00<\/td>\n<td width=\"161\"><\/td>\n<td width=\"97\"><\/td>\n<\/tr>\n<\/tbody>\n<\/table>\n<p>&nbsp;<\/p>\n<p><a class=\"obrazac-link\" href=\"\/obrazac-za-registraciju-naplatne-domene\/\">Registriraj domenu<\/a><\/p>\n","protected":false},"excerpt":{"rendered":"<p>Registracija .hr domene Tomsoft d.o.o. je ovla\u0161teni registrar za naplatnu nacionalnu vr\u0161nu domenu (.hr) od 01.07.2010. godine. Budu\u0107i je nacionalna domena jedan od elemenata nacionalnog bogatstva te temelj njene prepoznatljivosti u virtualnom svijetu, upravljanje tim domenama podrazumijeva visok stupanj odgovornosti. Prema Pravilniku o ustrojstvu i upravljanju vr\u0161nom nacionalnom internetskom domenom,\u00a0 naplatnu .hr domenu mogu registrirati: [&hellip;]<\/p>\n","protected":false},"author":1,"featured_media":0,"parent":57,"menu_order":0,"comment_status":"closed","ping_status":"closed","template":"template-solutions.php","meta":{"_acf_changed":false,"footnotes":""},"acf":[],"_links":{"self":[{"href":"https:\/\/www.tomsoft.hr\/sr\/wp-json\/wp\/v2\/pages\/818"}],"collection":[{"href":"https:\/\/www.tomsoft.hr\/sr\/wp-json\/wp\/v2\/pages"}],"about":[{"href":"https:\/\/www.tomsoft.hr\/sr\/wp-json\/wp\/v2\/types\/page"}],"author":[{"embeddable":true,"href":"https:\/\/www.tomsoft.hr\/sr\/wp-json\/wp\/v2\/users\/1"}],"replies":[{"embeddable":true,"href":"https:\/\/www.tomsoft.hr\/sr\/wp-json\/wp\/v2\/comments?post=818"}],"version-history":[{"count":9,"href":"https:\/\/www.tomsoft.hr\/sr\/wp-json\/wp\/v2\/pages\/818\/revisions"}],"predecessor-version":[{"id":3153,"href":"https:\/\/www.tomsoft.hr\/sr\/wp-json\/wp\/v2\/pages\/818\/revisions\/3153"}],"up":[{"embeddable":true,"href":"https:\/\/www.tomsoft.hr\/sr\/wp-json\/wp\/v2\/pages\/57"}],"wp:attachment":[{"href":"https:\/\/www.tomsoft.hr\/sr\/wp-json\/wp\/v2\/media?parent=818"}],"curies":[{"name":"wp","href":"https:\/\/api.w.org\/{rel}","templated":true}]}}