{"id":84,"date":"2018-11-05T14:45:16","date_gmt":"2018-11-05T14:45:16","guid":{"rendered":"http:\/\/www.tomsoft.hr\/?page_id=84"},"modified":"2018-11-13T10:16:50","modified_gmt":"2018-11-13T10:16:50","slug":"cloud","status":"publish","type":"page","link":"https:\/\/www.tomsoft.hr\/sr\/solutions\/cloud\/","title":{"rendered":"Cloud"},"content":{"rendered":"<ul>\n<li>bez ulaganja u sopstvenu infrastrukturu (server, server-room, odr\u017eavanje, IT stru\u010dnjaci,&#8230;)<\/li>\n<li>kori\u0161tenje servera s uklju\u010denim sme\u0161tajem podataka (backup baze)<\/li>\n<li>pristup i paralelan rad neograni\u010denog broja usera<\/li>\n<li>brza aktivacija<\/li>\n<li>siguran i pouzdan rad<\/li>\n<\/ul>\n","protected":false},"excerpt":{"rendered":"<p>bez ulaganja u sopstvenu infrastrukturu (server, server-room, odr\u017eavanje, IT stru\u010dnjaci,&#8230;) kori\u0161tenje servera s uklju\u010denim sme\u0161tajem podataka (backup baze) pristup i paralelan rad neograni\u010denog broja usera brza aktivacija siguran i pouzdan rad<\/p>\n","protected":false},"author":1,"featured_media":0,"parent":57,"menu_order":3,"comment_status":"closed","ping_status":"closed","template":"template-solutions.php","meta":{"_acf_changed":false,"footnotes":""},"acf":[],"_links":{"self":[{"href":"https:\/\/www.tomsoft.hr\/sr\/wp-json\/wp\/v2\/pages\/84"}],"collection":[{"href":"https:\/\/www.tomsoft.hr\/sr\/wp-json\/wp\/v2\/pages"}],"about":[{"href":"https:\/\/www.tomsoft.hr\/sr\/wp-json\/wp\/v2\/types\/page"}],"author":[{"embeddable":true,"href":"https:\/\/www.tomsoft.hr\/sr\/wp-json\/wp\/v2\/users\/1"}],"replies":[{"embeddable":true,"href":"https:\/\/www.tomsoft.hr\/sr\/wp-json\/wp\/v2\/comments?post=84"}],"version-history":[{"count":0,"href":"https:\/\/www.tomsoft.hr\/sr\/wp-json\/wp\/v2\/pages\/84\/revisions"}],"up":[{"embeddable":true,"href":"https:\/\/www.tomsoft.hr\/sr\/wp-json\/wp\/v2\/pages\/57"}],"wp:attachment":[{"href":"https:\/\/www.tomsoft.hr\/sr\/wp-json\/wp\/v2\/media?parent=84"}],"curies":[{"name":"wp","href":"https:\/\/api.w.org\/{rel}","templated":true}]}}