{"id":842,"date":"2020-06-19T10:56:32","date_gmt":"2020-06-19T10:56:32","guid":{"rendered":"http:\/\/www.tomsoft.hr\/en\/?page_id=842"},"modified":"2020-07-03T06:08:09","modified_gmt":"2020-07-03T06:08:09","slug":"company-info","status":"publish","type":"page","link":"https:\/\/www.tomsoft.hr\/sr\/solutions\/company-info\/","title":{"rendered":"Company Info"},"content":{"rendered":"\r\n<p>Glavne opcije:<\/p>\r\n<ul>\r\n<li>Preuzimanje podataka direktno u formi ra\u010duna<\/li>\r\n<li>Objedinjeni podaci<\/li>\r\n<li>Otklanjanje mogu\u0107nosti gre\u0161ke zbog unosa pogre\u0161nog PIB-a<\/li>\r\n<li>Otklanjanje mogu\u0107nosti gre\u0161ke zbog pogre\u0161nog naziva firme ili adrese<\/li>\r\n<li>Otklanjanje mogu\u0107nosti unosa ra\u010duna na poslovne subjekte koji vi\u0161e ne postoje<\/li>\r\n<\/ul>\r\n<p>&nbsp;<\/p>\r\n<p>Podaci o partnerima mogu se dohvatiti u bilo kojem delu Luceed-a u kojem je potrebno uneti korisnika preko PIB-a, izme\u0111u ostalog:<\/p>\r\n<ul>\r\n<li>Maloprodajni ra\u010dun<\/li>\r\n<li>Unos partnera<\/li>\r\n<li>Veleprodajni ra\u010dun<\/li>\r\n<\/ul>\r\n<p>Bacite pogled na letak &#8211; <a href=\"\/wp-content\/uploads\/2020\/06\/tomsoft_company_profile_web-1.pdf\"><b>ovde<\/b><\/a>.<\/p>\r\n<p>Pogledajte kratki video demo:<\/p>\r\n<p><a href=\"https:\/\/vimeo.com\/427737380\/3cc0385237\" target=\"_blank\" rel=\"noopener noreferrer\"><img fetchpriority=\"high\" decoding=\"async\" class=\"alignnone size-full wp-image-896\" src=\"http:\/\/www.tomsoft.hr\/wp-content\/uploads\/2020\/07\/Video_thumb_Company_Info.jpg\" alt=\"\" width=\"400\" height=\"300\" srcset=\"https:\/\/www.tomsoft.hr\/wp-content\/uploads\/2020\/07\/Video_thumb_Company_Info.jpg 400w, https:\/\/www.tomsoft.hr\/wp-content\/uploads\/2020\/07\/Video_thumb_Company_Info-300x225.jpg 300w\" sizes=\"(max-width: 400px) 100vw, 400px\" \/><\/a><\/p>\r\n","protected":false},"excerpt":{"rendered":"<p>Glavne opcije: Preuzimanje podataka direktno u formi ra\u010duna Objedinjeni podaci Otklanjanje mogu\u0107nosti gre\u0161ke zbog unosa pogre\u0161nog PIB-a Otklanjanje mogu\u0107nosti gre\u0161ke zbog pogre\u0161nog naziva firme ili adrese Otklanjanje mogu\u0107nosti unosa ra\u010duna na poslovne subjekte koji vi\u0161e ne postoje &nbsp; Podaci o partnerima mogu se dohvatiti u bilo kojem delu Luceed-a u kojem je potrebno uneti korisnika [&hellip;]<\/p>\n","protected":false},"author":1,"featured_media":0,"parent":57,"menu_order":2,"comment_status":"closed","ping_status":"closed","template":"template-solutions.php","meta":{"_acf_changed":false,"footnotes":""},"acf":[],"_links":{"self":[{"href":"https:\/\/www.tomsoft.hr\/sr\/wp-json\/wp\/v2\/pages\/842"}],"collection":[{"href":"https:\/\/www.tomsoft.hr\/sr\/wp-json\/wp\/v2\/pages"}],"about":[{"href":"https:\/\/www.tomsoft.hr\/sr\/wp-json\/wp\/v2\/types\/page"}],"author":[{"embeddable":true,"href":"https:\/\/www.tomsoft.hr\/sr\/wp-json\/wp\/v2\/users\/1"}],"replies":[{"embeddable":true,"href":"https:\/\/www.tomsoft.hr\/sr\/wp-json\/wp\/v2\/comments?post=842"}],"version-history":[{"count":0,"href":"https:\/\/www.tomsoft.hr\/sr\/wp-json\/wp\/v2\/pages\/842\/revisions"}],"up":[{"embeddable":true,"href":"https:\/\/www.tomsoft.hr\/sr\/wp-json\/wp\/v2\/pages\/57"}],"wp:attachment":[{"href":"https:\/\/www.tomsoft.hr\/sr\/wp-json\/wp\/v2\/media?parent=842"}],"curies":[{"name":"wp","href":"https:\/\/api.w.org\/{rel}","templated":true}]}}